{"id":9690,"date":"2015-11-25T12:46:14","date_gmt":"2015-11-25T11:46:14","guid":{"rendered":"http:\/\/www.einfach-topfit.at\/?page_id=9690"},"modified":"2026-01-26T22:26:52","modified_gmt":"2026-01-26T21:26:52","slug":"functional","status":"publish","type":"page","link":"https:\/\/www.einfach-topfit.at\/etf\/training\/functional\/","title":{"rendered":"FUNCTIONAL OUTDOOR-TRAINING"},"content":{"rendered":"\t\t<h2 class=\"text-divider-double\">\t\t\t\nFUNCTIONAL OUTDOOR-TRAINING\t\t<\/h2>\t\t<div class=\"sep\"><\/div>\t\n<div class=\"row \"><div class=\"wpv-grid grid-1-1  wpv-first-level first unextended\" style=\"padding-top:0px;padding-bottom:0px\" id=\"wpv-column-43b38c6ccd90fafc8393b0bcac14312e\" ><div class=\"row \"><div class=\"wpv-grid grid-1-1  first unextended\" style=\"padding-top:0px;padding-bottom:0px\" id=\"wpv-column-fb79a5dae7d35f646a393e790ae4159c\" ><div class=\"push\" style='height:30px'><\/div>\n<div class=\"row \"><div class=\"wpv-grid grid-2-3  first unextended\" style=\"padding-top:0px;padding-bottom:0px\" id=\"wpv-column-27399a139eb71ab1fbff9c1e3eecb345\" ><div class=\"push\" style='height:30px'><\/div>\n<p><strong>Functional\u00a0Outdoor-Training<\/strong>\u00a0ist ein intensives, abwechslungsreiches Ganzk\u00f6rpertraining.<\/p>\n<p>Trainiert wird haupts\u00e4chlich mit <strong>TRX-Suspension-Trainer<\/strong> sowie mit dem eigenem K\u00f6rpergewicht.\u00a0Mit dem Schlingentraining (TRX Suspension Training) wird gleichzeitig <strong>Kraft<\/strong>, <strong>Koordination<\/strong> und <strong>Beweglichkeit<\/strong> trainiert. Dar\u00fcber hinaus wird die Stabilit\u00e4t des Rumpfes verbessert. Durch die Instabilit\u00e4t der Schlingen wird besonders die Tiefenmuskulatur rund um die <strong>Wirbels\u00e4ule<\/strong> gest\u00e4rkt, die vor allem f\u00fcr Menschen mit sitzendem Beruf wichtig ist.<\/p>\n<p>Durch die einfachen und flexiblen Einstellungsm\u00f6glichkeiten eignet sich diese Trainingsform f\u00fcr <strong>jedes Alters- und Fitnesslevel.<\/strong><\/p>\n<p>Um f\u00fcr jeden einen perfektes Training zu erm\u00f6glichen, wird ausschlie\u00dflich in <strong>Kleingruppen<\/strong> trainiert.<\/p>\n<p>Schwitzen an der frischen Luft: da sich die TRX Suspension Trainer problemlos an B\u00e4umen befestigen lassen, sind sie ideal f\u00fcr ein\u00a0<strong>Outdoor-Training!<\/strong><\/div>\n<div class=\"wpv-grid grid-1-3  unextended\" style=\"padding-top:0px;padding-bottom:0px\" id=\"wpv-column-83efa03875ec1bc871e74df53802ef5b\" ><p style=\"text-align: center;\"><img loading=\"lazy\" decoding=\"async\" class=\"size-full wp-image-9635 aligncenter\" src=\"http:\/\/www.einfach-topfit.at\/wp-content\/uploads\/2015\/11\/Kurs-TRX-e1447582719852.jpg\" alt=\"Kurs - TRX\" width=\"210\" height=\"350\" srcset=\"https:\/\/www.einfach-topfit.at\/etf\/wp-content\/uploads\/Kurs-TRX-e1447582719852.jpg 210w, https:\/\/www.einfach-topfit.at\/etf\/wp-content\/uploads\/Kurs-TRX-e1447582719852-180x300.jpg 180w\" sizes=\"(max-width: 210px) 100vw, 210px\" \/><\/div><\/div><\/div><\/div>\n<div class=\"row \"><div class=\"wpv-grid grid-1-1  first unextended\" style=\"padding-top:0px;padding-bottom:0px\" id=\"wpv-column-0f92518f1a51b0f32b0c2e9cb363ccb2\" ><h4><strong> <span class='highlight dark'><span class='highlight-content'>TERMINE<\/span><\/span> <\/strong><\/h4>\n\n<ul class=\"styled-list  icon-accent1\">\n<li class=\" icon-b \" data-icon=\"&#58067;\">ab Freitag, 09.01.2026, 16:00 Uhr (Einstieg jederzeit m\u00f6glich) <\/li>\n<li class=\" icon-b \" data-icon=\"&#58067;\">Wo? &#8211; Stadtpark Leonding<\/li>\n<li class=\" icon-b \" data-icon=\"&#58067;\">Individuelle Trainings nach Vereinbarung\u00a0jederzeit buchbar &#8211; <a href=\"http:\/\/www.einfach-topfit.at\/training\/personal-coaching\/\">Detailinformationen.<\/a><\/li>\n<\/ul>\n\n<div class=\"push\" style='height:30px'><\/div>\n<h4><strong> <span class='highlight dark'><span class='highlight-content'>PREISE<\/span><\/span> <\/strong><\/h4>\n\n<ul class=\"styled-list  icon-accent1\">\n<li class=\" icon-b \" data-icon=\"&#58067;\">10 Wochen-Block EUR 120,-<\/li>\n<li class=\" icon-b \" data-icon=\"&#58067;\">Eine Einheit EUR 15,-<\/li>\n<\/ul>\n\n<div class=\"push\" style='height:30px'><\/div>\n<h4><strong><span class='highlight dark'><span class='highlight-content'>ANFRAGE \/ BUCHUNG<\/span><\/span><\/strong><\/h4>\n<p style=\"padding-left: 30px;\"><span class='icon shortcode  ' style='font-size:16px !important;color:#32b141;'>&#57507;<\/span> \u00a0<a href=\"mailto:tamara@einfach-topfit.at\">tamara@einfach-topfit.at<\/a><\/p>\n<p style=\"padding-left: 30px;\"><span class='icon shortcode  ' style='font-size:16px !important;color:#32b141;'>&#57491;<\/span> +4367681412332<\/p>\n<div class=\"push\" style='height:30px'><\/div><\/div><\/div>\n<p><iframe loading=\"lazy\"  id=\"_ytid_23310\"  width=\"1380\" height=\"400\"  data-origwidth=\"1380\" data-origheight=\"400\" src=\"https:\/\/www.youtube.com\/embed\/jPz1sa9NSdQ?enablejsapi=1&list=PLUdtaRKFp3rpcPraIfgKn9NWZkToU6shM&index=1&autoplay=0&cc_load_policy=0&cc_lang_pref=&iv_load_policy=1&loop=0&rel=1&fs=1&playsinline=0&autohide=2&theme=dark&color=red&controls=1&disablekb=0&\" class=\"__youtube_prefs__  no-lazyload\" title=\"YouTube player\"  allow=\"fullscreen; accelerometer; autoplay; clipboard-write; encrypted-media; gyroscope; picture-in-picture; web-share\" referrerpolicy=\"strict-origin-when-cross-origin\" allowfullscreen data-no-lazy=\"1\" data-skipgform_ajax_framebjll=\"\"><\/iframe><\/div><\/div>\n","protected":false},"excerpt":{"rendered":"<p>Functional\u00a0Outdoor-Training\u00a0ist ein intensives, abwechslungsreiches Ganzk\u00f6rpertraining. Trainiert wird haupts\u00e4chlich mit TRX-Suspension-Trainer sowie mit dem eigenem K\u00f6rpergewicht.\u00a0Mit dem Schlingentraining (TRX Suspension Training) wird gleichzeitig Kraft, Koordination und Beweglichkeit trainiert. Dar\u00fcber hinaus wird die Stabilit\u00e4t des Rumpfes verbessert. Durch die Instabilit\u00e4t der Schlingen wird besonders die Tiefenmuskulatur rund um die Wirbels\u00e4ule gest\u00e4rkt, die vor allem f\u00fcr Menschen mit&#8230;<\/p>\n","protected":false},"author":1,"featured_media":0,"parent":10773,"menu_order":0,"comment_status":"closed","ping_status":"closed","template":"","meta":{"pgc_sgb_lightbox_settings":"","footnotes":""},"_links":{"self":[{"href":"https:\/\/www.einfach-topfit.at\/etf\/wp-json\/wp\/v2\/pages\/9690"}],"collection":[{"href":"https:\/\/www.einfach-topfit.at\/etf\/wp-json\/wp\/v2\/pages"}],"about":[{"href":"https:\/\/www.einfach-topfit.at\/etf\/wp-json\/wp\/v2\/types\/page"}],"author":[{"embeddable":true,"href":"https:\/\/www.einfach-topfit.at\/etf\/wp-json\/wp\/v2\/users\/1"}],"replies":[{"embeddable":true,"href":"https:\/\/www.einfach-topfit.at\/etf\/wp-json\/wp\/v2\/comments?post=9690"}],"version-history":[{"count":16,"href":"https:\/\/www.einfach-topfit.at\/etf\/wp-json\/wp\/v2\/pages\/9690\/revisions"}],"predecessor-version":[{"id":11716,"href":"https:\/\/www.einfach-topfit.at\/etf\/wp-json\/wp\/v2\/pages\/9690\/revisions\/11716"}],"up":[{"embeddable":true,"href":"https:\/\/www.einfach-topfit.at\/etf\/wp-json\/wp\/v2\/pages\/10773"}],"wp:attachment":[{"href":"https:\/\/www.einfach-topfit.at\/etf\/wp-json\/wp\/v2\/media?parent=9690"}],"curies":[{"name":"wp","href":"https:\/\/api.w.org\/{rel}","templated":true}]}}