{"id":11678,"date":"2025-09-09T21:30:06","date_gmt":"2025-09-09T19:30:06","guid":{"rendered":"https:\/\/www.einfach-topfit.at\/etf\/?page_id=11678"},"modified":"2026-01-09T23:13:04","modified_gmt":"2026-01-09T22:13:04","slug":"atemfitness","status":"publish","type":"page","link":"https:\/\/www.einfach-topfit.at\/etf\/atemfitness\/","title":{"rendered":"ATEMFITNESS"},"content":{"rendered":"<div class=\"row \"><div class=\"wpv-grid grid-1-4  wpv-first-level first unextended\" style=\"padding-top:0px;padding-bottom:0px\" id=\"wpv-column-39591f18c7f0ea94a245ee4c220d291f\" ><div class=\"push\" style='height:30px'><\/div><\/div>\n<div class=\"wpv-grid grid-1-2  wpv-first-level unextended\" style=\"padding-top:0px;padding-bottom:0px\" id=\"wpv-column-d1235b004413ec02ba0380334373535f\" ><p><\/div>\n<div class=\"wpv-grid grid-1-4  wpv-first-level unextended\" style=\"padding-top:0px;padding-bottom:0px\" id=\"wpv-column-3060fc8aa36169055ad92cb190100b02\" ><div class=\"push\" style='height:30px'><\/div><\/div><\/div>\n\t\t<div class=\"sep-text single centered\">\n\t\t\t\t\t\t\t<span class=\"sep-text-before\"><div class=\"sep-text-line\"><\/div><\/span>\n\t\t\t\t\t\t<div class=\"content\">\n\t\t\t\t\n<h2><strong>Atemfitness nach Fetz<\/strong><strong>\u00ae<\/strong><\/h2>\n\t\t\t<\/div>\n\t\t\t<span class=\"sep-text-after\"><div class=\"sep-text-line\"><\/div><\/span>\n\t\t\t\t\t<\/div>\n\t\n<div class=\"row \"><div class=\"wpv-grid grid-1-4  wpv-first-level first unextended\" style=\"padding-top:0px;padding-bottom:0px\" id=\"wpv-column-ee39cc24c4af99d7a1f438a2970ef8ba\" ><div class=\"push\" style='height:30px'><\/div><\/div>\n<div class=\"wpv-grid grid-1-2  wpv-first-level unextended\" style=\"padding-top:0px;padding-bottom:0px\" id=\"wpv-column-caab9c3191292430ba3e07420a85abf5\" ><\/div>\n<div class=\"wpv-grid grid-1-4  wpv-first-level unextended\" style=\"padding-top:0px;padding-bottom:0px\" id=\"wpv-column-194776cefdcf81ea95cbe816c5c86fe0\" ><div class=\"push\" style='height:30px'><\/div><\/div><\/div>\n<div class=\"push\" style='height:30px'><\/div>\n<div class=\"row \"><div class=\"wpv-grid grid-1-4  wpv-first-level first unextended\" style=\"padding-top:0px;padding-bottom:0px\" id=\"wpv-column-cae3c344f0cee83f958b8af67746327e\" ><div class=\"push\" style='height:30px'><\/div><\/div>\n<div class=\"wpv-grid grid-1-2  wpv-first-level unextended\" style=\"padding-top:0px;padding-bottom:0px\" id=\"wpv-column-bd5a1893f9a391431686c1226c0cdb2c\" ><h4><span class='highlight dark'><span class='highlight-content'>Was ist Atemfitness?<\/span><\/span><\/h4>\n<p>Atmen tun wir alle \u2013 doch die Wenigsten nutzen die volle Kraft ihrer Atmung. In meinen Workshops erlebst und lernst Du, wie bewusstes Atmen deinen K\u00f6rper und Geist transformieren kann. Mit verschiedenen Atemrhythmen, Atempausen und einfachen \u00dcbungen lernst Du, Stress loszulassen, Deinen Kopf klar zu bekommen und neue Energie zu tanken.<\/p>\n<p>Du gehst mit Techniken nach Hause, die Dich im Alltag jederzeit unterst\u00fctzen \u2013 ob mehr Gelassenheit im Job, Leistungssteigerung beim Sport, bessere Regeneration nach dem Sport oder einfach mehr Freude und Leichtigkeit im Leben.<\/p>\n<p>Atemtraining l\u00e4sst sich wunderbar mit Eisbaden kombinieren (muss man aber nicht \ud83d\ude09). Die bewusste Atmung schenkt Dir Ruhe und Fokus, w\u00e4hrend Du Dich der K\u00e4lte stellst. So erf\u00e4hrst Du, wie stark und gelassen Du wirklich bist.<\/p>\n<p>Es ist keine Magie \u2013 f\u00fchlt sich aber ein bisschen so an. \ud83d\ude0a<\/p>\n<p>Komm vorbei, atme tief durch und sp\u00fcre, was in Dir steckt!<\/div>\n<div class=\"wpv-grid grid-1-4  wpv-first-level unextended\" style=\"padding-top:0px;padding-bottom:0px\" id=\"wpv-column-8db009b554ede81a8eb230e48354aea1\" ><div class=\"push\" style='height:30px'><\/div><\/div><\/div>\n<div class=\"push\" style='height:30px'><\/div>\n<div class=\"row \"><div class=\"wpv-grid grid-1-4  wpv-first-level first unextended\" style=\"padding-top:0px;padding-bottom:0px\" id=\"wpv-column-f6bb2c312a769e257ea755d25be270a5\" ><div class=\"push\" style='height:30px'><\/div><\/div>\n<div class=\"wpv-grid grid-1-2  wpv-first-level unextended\" style=\"padding-top:0px;padding-bottom:0px\" id=\"wpv-column-b6c39ae27eb137136e2b4fe04e823c21\" ><h4><span class='highlight dark'><span class='highlight-content'>Atemstammtisch<\/span><\/span><\/h4>\n<p>Verschiedene Atemtechniken und eine gef\u00fchrte Atemreise.<\/p>\n<p>Zum Dranbleiben, eintauchen, Kraft sch\u00f6pfen, Austauschen, Energie tanken, Nervensystem beruhigen, bewusst Inne halten<\/p>\n<p><strong><span class='icon shortcode  ' style='font-size:14px !important;color:#32b141;'>&#58071;<\/span> Wann:<\/strong> Do, 15.01.2026, 12.02.2026., 19.03.2026 jeweils 18:30-20:00 Uhr<\/p>\n<p><strong><span class='icon shortcode  ' style='font-size:14px !important;color:#32b141;'>&#58071;<\/span> Wo:<\/strong> Uniongeb\u00e4ude Leonding &#8211; Studio 2, DI-Ferdinand-Karl Weg 4, 4060 Leonding<\/p>\n<p><strong><span class='icon shortcode  ' style='font-size:14px !important;color:#32b141;'>&#58071;<\/span> Preis:<\/strong> EUR 29,- pro Termin<\/p>\n<p><strong><span class='icon shortcode  ' style='font-size:14px !important;color:#32b141;'>&#58071;<\/span><\/strong> <strong>Mitzubringen:<\/strong> deine eigene Matte (wenns dir lieber ist &#8211; es sind auch welche vorhanden), eine Decke<\/div>\n<div class=\"wpv-grid grid-1-4  wpv-first-level unextended\" style=\"padding-top:0px;padding-bottom:0px\" id=\"wpv-column-4879fa264447093f9128f352b2ce8e75\" ><div class=\"push\" style='height:30px'><\/div><\/div><\/div>\n<div class=\"push\" style='height:30px'><\/div>\n<div class=\"row \"><div class=\"wpv-grid grid-1-4  wpv-first-level first unextended\" style=\"padding-top:0px;padding-bottom:0px\" id=\"wpv-column-a23d02f69598b08d92d6c26191b9467e\" ><div class=\"push\" style='height:30px'><\/div><\/div>\n<div class=\"wpv-grid grid-1-2  wpv-first-level unextended\" style=\"padding-top:0px;padding-bottom:0px\" id=\"wpv-column-e5d947b104d34588a069f8377b6fd726\" ><h4><span class='highlight dark'><span class='highlight-content'>Atemfitness &amp; Eis<\/span><\/span><\/h4>\n<p>Erfahre die Kraft bewusster Atmung mit der belebenden Wirkung des Eisbads bei drei Terminen (Vorteile bei drei Terminen: Theorie aufgeteilt, besser um Routinen zu entwicklen, mehr Zeit f\u00fcr Alltags\u00fcbungen, &#8220;Gruppenvertrautheit&#8221;):<\/p>\n<p><strong><span class='icon shortcode  ' style='font-size:14px !important;color:#32b141;'>&#58071;<\/span> Wann:<\/strong> Sa, 24.01., 07.02., 28.02.2026, jeweils 10:00-13:00 Uhr<\/p>\n<p><strong><span class='icon shortcode  ' style='font-size:14px !important;color:#32b141;'>&#58071;<\/span> Wo:<\/strong> Uniongeb\u00e4ude Leonding &#8211; Studio 2, DI-Ferdinand-Karl Weg 1, 4060 Leonding; zum Eisbaden fahren wir zum Oedersee (Traun), ca. 10min Fahrzeit<\/p>\n<p><strong><span class='icon shortcode  ' style='font-size:14px !important;color:#32b141;'>&#58071;<\/span> Preis:<\/strong> EUR 120,-<\/p>\n<p><strong><span class='icon shortcode  ' style='font-size:14px !important;color:#32b141;'>&#58071;<\/span><\/strong> <strong>Mitzubringen:<\/strong> deine eigene Matte (wenns dir lieber ist &#8211; es sind auch welche vorhanden), eine Decke, Badesachen, Badeschuhe (wenn vorhanden)<\/p>\n<p>F\u00fcr warmen Tee nach dem Eisbaden sorge ich \ud83d\ude42<\/p>\n<p>ACHTUNG: auch ohne Eisbaden buchbar! Nur Atemfitness \u20ac 99,-<\/div>\n<div class=\"wpv-grid grid-1-4  wpv-first-level unextended\" style=\"padding-top:0px;padding-bottom:0px\" id=\"wpv-column-76a771adc24e83697f5fd005da4fa2ea\" ><div class=\"push\" style='height:30px'><\/div><\/div><\/div>\n<div class=\"push\" style='height:30px'><\/div>\n<div class=\"row \"><div class=\"wpv-grid grid-1-4  wpv-first-level first unextended\" style=\"padding-top:0px;padding-bottom:0px\" id=\"wpv-column-b5db256cb91ac062b68364e576620552\" ><div class=\"push\" style='height:30px'><\/div><\/div>\n<div class=\"wpv-grid grid-1-2  wpv-first-level unextended\" style=\"padding-top:0px;padding-bottom:0px\" id=\"wpv-column-80eb10633cede494aaae6dd374e97840\" ><h4><span class='highlight dark'><span class='highlight-content'>Tagesworkshops &#8220;Atemfitness &amp; Eis&#8221;<\/span><\/span><\/h4>\n<p>Erfahre die Kraft bewusster Atmung mit der belebenden Wirkung des Eisbads:<\/p>\n<p><strong><span class='icon shortcode  ' style='font-size:14px !important;color:#32b141;'>&#58071;<\/span> Wann:<\/strong> Sa, 07.03. oder 11.04.2026, jeweils 10:00-14:00 Uhr<\/p>\n<p><strong><span class='icon shortcode  ' style='font-size:14px !important;color:#32b141;'>&#58071;<\/span> Wo:<\/strong> Uniongeb\u00e4ude Leonding &#8211; Studio 2, DI-Ferdinand-Karl Weg 1, 4060 Leonding; zum Eisbaden fahren wir zum Oedersee (Traun), ca. 10min Fahrzeit<\/p>\n<p><strong><span class='icon shortcode  ' style='font-size:14px !important;color:#32b141;'>&#58071;<\/span> Preis:<\/strong> EUR 59,-<\/p>\n<p><strong><span class='icon shortcode  ' style='font-size:14px !important;color:#32b141;'>&#58071;<\/span><\/strong> <strong>Mitzubringen:<\/strong> deine eigene Matte (wenns dir lieber ist &#8211; es sind auch welche vorhanden), eine Decke, Badesachen, Badeschuhe (wenn vorhanden)<\/p>\n<p>F\u00fcr warmen Tee nach dem Eisbaden sorge ich \ud83d\ude42<\/p>\n<p>ACHTUNG: auch ohne Eisbaden buchbar! Nur Atemfitness \u20ac 49,-<\/div>\n<div class=\"wpv-grid grid-1-4  wpv-first-level unextended\" style=\"padding-top:0px;padding-bottom:0px\" id=\"wpv-column-3520842780a5a9ec7d108c544ff367b2\" ><div class=\"push\" style='height:30px'><\/div><\/div><\/div>\n<div class=\"push\" style='height:30px'><\/div>\n<div class=\"row \"><div class=\"wpv-grid grid-1-4  wpv-first-level first unextended\" style=\"padding-top:0px;padding-bottom:0px\" id=\"wpv-column-9c555dbdbf79bb25b391e575ed0b3c4a\" ><div class=\"push\" style='height:30px'><\/div><\/div>\n<div class=\"wpv-grid grid-1-2  wpv-first-level unextended\" style=\"padding-top:0px;padding-bottom:0px\" id=\"wpv-column-c01f2b425fbdf3bc36790eac1c724bd8\" ><h4><span class='highlight dark'><span class='highlight-content'>Anmeldung<\/span><\/span><\/h4>\n<p>F\u00fcr deine verbindliche Anmeldung bitte Mail (mit Name, Adresse, Geburtsdatum, E-Mail und Telefonnummer) an tamara@einfach-topfit.at<\/div>\n<div class=\"wpv-grid grid-1-4  wpv-first-level unextended\" style=\"padding-top:0px;padding-bottom:0px\" id=\"wpv-column-550ee6574b71c9349cd08db21f54060b\" ><div class=\"push\" style='height:30px'><\/div><\/div><\/div>\n<div class=\"push\" style='height:30px'><\/div>\n<div class=\"row \"><div class=\"wpv-grid grid-1-4  wpv-first-level first unextended\" style=\"padding-top:0px;padding-bottom:0px\" id=\"wpv-column-08b9553d88de3b57eb09e8cba6fc002c\" ><div class=\"push\" style='height:30px'><\/div><\/div>\n<div class=\"wpv-grid grid-1-2  wpv-first-level unextended\" style=\"padding-top:0px;padding-bottom:0px\" id=\"wpv-column-1989d503e1e20e82155cb14beca2fc99\" ><h4><span class='highlight dark'><span class='highlight-content'>Kontakt:<\/span><\/span><\/h4>\n<p>Bei Fragen gerne jederzeit melden:<br \/>\n<span class='icon shortcode  ' style='font-size:14px !important;color:#32b141;'>&#58071;<\/span> 0676 81412332, tamara@einfach-topfit.at<\/div>\n<div class=\"wpv-grid grid-1-4  wpv-first-level unextended\" style=\"padding-top:0px;padding-bottom:0px\" id=\"wpv-column-746f436002d39d5dd8e22ec7ec8e783d\" ><div class=\"push\" style='height:30px'><\/div><\/div><\/div>\n","protected":false},"excerpt":{"rendered":"<p>Atmen tun wir alle \u2013 doch die Wenigsten nutzen die volle Kraft ihrer Atmung. In meinen Workshops erlebst und lernst Du, wie bewusstes Atmen deinen K\u00f6rper und Geist transformieren kann. Mit verschiedenen Atemrhythmen, Atempausen und einfachen \u00dcbungen lernst Du, Stress loszulassen, Deinen Kopf klar zu bekommen und neue Energie zu tanken. Du gehst mit Techniken&#8230;<\/p>\n","protected":false},"author":1,"featured_media":0,"parent":0,"menu_order":0,"comment_status":"closed","ping_status":"closed","template":"","meta":{"pgc_sgb_lightbox_settings":"","footnotes":""},"_links":{"self":[{"href":"https:\/\/www.einfach-topfit.at\/etf\/wp-json\/wp\/v2\/pages\/11678"}],"collection":[{"href":"https:\/\/www.einfach-topfit.at\/etf\/wp-json\/wp\/v2\/pages"}],"about":[{"href":"https:\/\/www.einfach-topfit.at\/etf\/wp-json\/wp\/v2\/types\/page"}],"author":[{"embeddable":true,"href":"https:\/\/www.einfach-topfit.at\/etf\/wp-json\/wp\/v2\/users\/1"}],"replies":[{"embeddable":true,"href":"https:\/\/www.einfach-topfit.at\/etf\/wp-json\/wp\/v2\/comments?post=11678"}],"version-history":[{"count":20,"href":"https:\/\/www.einfach-topfit.at\/etf\/wp-json\/wp\/v2\/pages\/11678\/revisions"}],"predecessor-version":[{"id":11713,"href":"https:\/\/www.einfach-topfit.at\/etf\/wp-json\/wp\/v2\/pages\/11678\/revisions\/11713"}],"wp:attachment":[{"href":"https:\/\/www.einfach-topfit.at\/etf\/wp-json\/wp\/v2\/media?parent=11678"}],"curies":[{"name":"wp","href":"https:\/\/api.w.org\/{rel}","templated":true}]}}