{"id":10773,"date":"2014-07-04T23:11:40","date_gmt":"2014-07-04T21:11:40","guid":{"rendered":"http:\/\/fitness-wellness.vamtam.com\/?page_id=8022"},"modified":"2023-01-07T19:40:32","modified_gmt":"2023-01-07T18:40:32","slug":"training","status":"publish","type":"page","link":"https:\/\/www.einfach-topfit.at\/etf\/training\/","title":{"rendered":"TRAININGS"},"content":{"rendered":"\t\t<h2 class=\"text-divider-double\">\t\t\t\nAktuell bieten wir folgende Trainings an. Wenn du mehr wissen willst, ruf uns an oder schreib uns&#8230;\t\t<\/h2>\t\t<div class=\"sep\"><\/div>\t\n<div class=\"row \"><div class=\"wpv-grid grid-1-3  wpv-first-level first unextended\" style=\"padding-top:0px;padding-bottom:0px\" id=\"wpv-column-4e7c1df7e667c510939acdd6f962ead9\" ><div class=\"row \"><div class=\"wpv-grid grid-1-1  first unextended animation-fade-in animated-active\" style=\"padding-top:0px;padding-bottom:0px\" id=\"wpv-column-2f648d511b8d559c282bcf20e1db7007\" ><div class=\"services has-more \" id=\"wpv-expandable-d1a9fadcf53a0a610e550224c363a79b\">\n\t<div class=\"closed services-inside\">\n\t\t<div class=\"services-content-wrapper clearfix\">\n\t\t\t\n\t\t\t\t\t\t\t<h3 class=\"title\">AQUAGYM<\/h3><br>\n\t\t\t\t\t\t <div class=\"push\" style='height:90px'><\/div>\n\n\t\t<\/div>\n\t<\/div>\n\t\t\t<div class=\"open services-inside\">\n\t\t\t<div class=\"services-content-wrapper\">\n\t\t\t\t<div class=\"row\">\n\t\t\t\t\t\n<a href=\"\/?page_id=9694\" target=\"_self\" style='font-size: 20px;' class=\"button vamtam-button accent1  button-border hover-accent1  alignleft\"><span class=\"btext\">Mehr Infos<\/span><\/a>\n\t\t\t\t<\/div>\n\t\t\t<\/div>\n\t\t<\/div>\n\t<\/div>\n<style scoped>#wpv-expandable-d1a9fadcf53a0a610e550224c363a79b .closed{background:url('https:\/\/www.einfach-topfit.at\/etf\/wp-content\/uploads\/Aqua-Nudel-S2.jpg') no-repeat scroll;background-size:cover;background-color:transparent;}#wpv-expandable-d1a9fadcf53a0a610e550224c363a79b .open{background:#e8e8e8;}#wpv-expandable-d1a9fadcf53a0a610e550224c363a79b .open,#wpv-expandable-d1a9fadcf53a0a610e550224c363a79b .open p,#wpv-expandable-d1a9fadcf53a0a610e550224c363a79b .open .sep-text h2.regular-title-wrapper,#wpv-expandable-d1a9fadcf53a0a610e550224c363a79b .open .text-divider-double,#wpv-expandable-d1a9fadcf53a0a610e550224c363a79b .open .sep-text .sep-text-line,#wpv-expandable-d1a9fadcf53a0a610e550224c363a79b .open .sep,#wpv-expandable-d1a9fadcf53a0a610e550224c363a79b .open .sep-2,#wpv-expandable-d1a9fadcf53a0a610e550224c363a79b .open .sep-3,#wpv-expandable-d1a9fadcf53a0a610e550224c363a79b .open h1,#wpv-expandable-d1a9fadcf53a0a610e550224c363a79b .open h2,#wpv-expandable-d1a9fadcf53a0a610e550224c363a79b .open h3,#wpv-expandable-d1a9fadcf53a0a610e550224c363a79b .open h4,#wpv-expandable-d1a9fadcf53a0a610e550224c363a79b .open h5,#wpv-expandable-d1a9fadcf53a0a610e550224c363a79b .open h6,#wpv-expandable-d1a9fadcf53a0a610e550224c363a79b .open td,#wpv-expandable-d1a9fadcf53a0a610e550224c363a79b .open th,#wpv-expandable-d1a9fadcf53a0a610e550224c363a79b .open caption{color:#696969;}<\/style>\n<\/div><\/div>\n<p>Die wunderbaren Eigenschaften des Wassers erleben.<\/div>\n<div class=\"wpv-grid grid-1-3  wpv-first-level unextended\" style=\"padding-top:0px;padding-bottom:0px\" id=\"wpv-column-7471161db698edc2eb787485b596d493\" ><div class=\"row \"><div class=\"wpv-grid grid-1-1  first unextended animation-fade-in animated-active\" style=\"padding-top:0px;padding-bottom:0px\" id=\"wpv-column-8de9a5e1901113484f0150d07293b3a3\" ><div class=\"services has-more \" id=\"wpv-expandable-1728b366be31c60ee764a50e016fe595\">\n\t<div class=\"closed services-inside\">\n\t\t<div class=\"services-content-wrapper clearfix\">\n\t\t\t\n\t\t\t\t\t\t\t<h3 class=\"title\">Bodychallenge<\/h3><br>\n\t\t\t\t\t\t<div class=\"push\" style='height:90px'><\/div>\n\n\t\t<\/div>\n\t<\/div>\n\t\t\t<div class=\"open services-inside\">\n\t\t\t<div class=\"services-content-wrapper\">\n\t\t\t\t<div class=\"row\">\n\t\t\t\t\t\n<a href=\"\/?page_id=11142\" target=\"_self\" style='font-size: 20px;' class=\"button vamtam-button accent1  button-border hover-accent1  alignleft\"><span class=\"btext\">Mehr Infos<\/span><\/a>\n\t\t\t\t<\/div>\n\t\t\t<\/div>\n\t\t<\/div>\n\t<\/div>\n<style scoped>#wpv-expandable-1728b366be31c60ee764a50e016fe595 .closed{background:url('https:\/\/www.einfach-topfit.at\/etf\/wp-content\/uploads\/Box_Aqua-quer.jpg') no-repeat scroll;background-size:cover;background-color:transparent;}#wpv-expandable-1728b366be31c60ee764a50e016fe595 .open{background:#e8e8e8;}#wpv-expandable-1728b366be31c60ee764a50e016fe595 .open,#wpv-expandable-1728b366be31c60ee764a50e016fe595 .open p,#wpv-expandable-1728b366be31c60ee764a50e016fe595 .open .sep-text h2.regular-title-wrapper,#wpv-expandable-1728b366be31c60ee764a50e016fe595 .open .text-divider-double,#wpv-expandable-1728b366be31c60ee764a50e016fe595 .open .sep-text .sep-text-line,#wpv-expandable-1728b366be31c60ee764a50e016fe595 .open .sep,#wpv-expandable-1728b366be31c60ee764a50e016fe595 .open .sep-2,#wpv-expandable-1728b366be31c60ee764a50e016fe595 .open .sep-3,#wpv-expandable-1728b366be31c60ee764a50e016fe595 .open h1,#wpv-expandable-1728b366be31c60ee764a50e016fe595 .open h2,#wpv-expandable-1728b366be31c60ee764a50e016fe595 .open h3,#wpv-expandable-1728b366be31c60ee764a50e016fe595 .open h4,#wpv-expandable-1728b366be31c60ee764a50e016fe595 .open h5,#wpv-expandable-1728b366be31c60ee764a50e016fe595 .open h6,#wpv-expandable-1728b366be31c60ee764a50e016fe595 .open td,#wpv-expandable-1728b366be31c60ee764a50e016fe595 .open th,#wpv-expandable-1728b366be31c60ee764a50e016fe595 .open caption{color:#696969;}<\/style>\n<\/div><\/div>\n<p>Dein flexibles 12-Wochen-Onlineprogramm.<\/div>\n<div class=\"wpv-grid grid-1-3  wpv-first-level unextended\" style=\"padding-top:0px;padding-bottom:0px\" id=\"wpv-column-a30f8e6521a14c032c43a3bc4e52d0cd\" ><div class=\"row \"><div class=\"wpv-grid grid-1-1  first unextended animation-fade-in animated-active\" style=\"padding-top:0px;padding-bottom:0px\" id=\"wpv-column-a1bedd610af03fe9f215bddd150efd4f\" ><div class=\"services has-more \" id=\"wpv-expandable-6b7df2f9074703f4a3726bb22456f7ba\">\n\t<div class=\"closed services-inside\">\n\t\t<div class=\"services-content-wrapper clearfix\">\n\t\t\t\n\t\t\t\t\t\t\t<h3 class=\"title\">FUNCTIONAL TRAINING<\/h3><br>\n\t\t\t\t\t\t<div class=\"push\" style='height:90px'><\/div>\n\n\t\t<\/div>\n\t<\/div>\n\t\t\t<div class=\"open services-inside\">\n\t\t\t<div class=\"services-content-wrapper\">\n\t\t\t\t<div class=\"row\">\n\t\t\t\t\t\n<a href=\"\/?page_id=9690\" target=\"_self\" style='font-size: 20px;' class=\"button vamtam-button accent1  button-border hover-accent1  alignleft\"><span class=\"btext\">Mehr Infos<\/span><\/a>\n\t\t\t\t<\/div>\n\t\t\t<\/div>\n\t\t<\/div>\n\t<\/div>\n<style scoped>#wpv-expandable-6b7df2f9074703f4a3726bb22456f7ba .closed{background:url('https:\/\/www.einfach-topfit.at\/etf\/wp-content\/uploads\/Box_Piloxing-quer1.jpg') no-repeat scroll;background-size:cover;background-color:transparent;}#wpv-expandable-6b7df2f9074703f4a3726bb22456f7ba .open{background:#e8e8e8;}#wpv-expandable-6b7df2f9074703f4a3726bb22456f7ba .open,#wpv-expandable-6b7df2f9074703f4a3726bb22456f7ba .open p,#wpv-expandable-6b7df2f9074703f4a3726bb22456f7ba .open .sep-text h2.regular-title-wrapper,#wpv-expandable-6b7df2f9074703f4a3726bb22456f7ba .open .text-divider-double,#wpv-expandable-6b7df2f9074703f4a3726bb22456f7ba .open .sep-text .sep-text-line,#wpv-expandable-6b7df2f9074703f4a3726bb22456f7ba .open .sep,#wpv-expandable-6b7df2f9074703f4a3726bb22456f7ba .open .sep-2,#wpv-expandable-6b7df2f9074703f4a3726bb22456f7ba .open .sep-3,#wpv-expandable-6b7df2f9074703f4a3726bb22456f7ba .open h1,#wpv-expandable-6b7df2f9074703f4a3726bb22456f7ba .open h2,#wpv-expandable-6b7df2f9074703f4a3726bb22456f7ba .open h3,#wpv-expandable-6b7df2f9074703f4a3726bb22456f7ba .open h4,#wpv-expandable-6b7df2f9074703f4a3726bb22456f7ba .open h5,#wpv-expandable-6b7df2f9074703f4a3726bb22456f7ba .open h6,#wpv-expandable-6b7df2f9074703f4a3726bb22456f7ba .open td,#wpv-expandable-6b7df2f9074703f4a3726bb22456f7ba .open th,#wpv-expandable-6b7df2f9074703f4a3726bb22456f7ba .open caption{color:#696969;}<\/style>\n<\/div><\/div>\n<p>Functional Outdoor-Training ist ein intensives, abwechslungsreiches Ganzk\u00f6rper-Training.<\/div><\/div>\n<div class=\"push\" style='height:30px'><\/div>\n<div class=\"row \"><div class=\"wpv-grid grid-1-3  wpv-first-level first unextended\" style=\"padding-top:0px;padding-bottom:0px\" id=\"wpv-column-44c1646d84fe156a37afc9a583972fe6\" ><div class=\"row \"><div class=\"wpv-grid grid-1-1  first unextended animation-fade-in animated-active\" style=\"padding-top:0px;padding-bottom:0px\" id=\"wpv-column-c2ac02135ce00479f230468c121cae8f\" ><div class=\"services has-more \" id=\"wpv-expandable-f367ac6126ee1d6e579955bf90b57589\">\n\t<div class=\"closed services-inside\">\n\t\t<div class=\"services-content-wrapper clearfix\">\n\t\t\t\n\t\t\t\t\t\t\t<h3 class=\"title\">HIITUP IM PARK<\/h3><br>\n\t\t\t\t\t\t<div class=\"push\" style='height:90px'><\/div>\n\n\t\t<\/div>\n\t<\/div>\n\t\t\t<div class=\"open services-inside\">\n\t\t\t<div class=\"services-content-wrapper\">\n\t\t\t\t<div class=\"row\">\n\t\t\t\t\t\n<a href=\"\/?page_id=11190\" target=\"_self\" style='font-size: 20px;' class=\"button vamtam-button accent1  button-border hover-accent1  alignleft\"><span class=\"btext\">Mehr Infos<\/span><\/a>\n\t\t\t\t<\/div>\n\t\t\t<\/div>\n\t\t<\/div>\n\t<\/div>\n<style scoped>#wpv-expandable-f367ac6126ee1d6e579955bf90b57589 .closed{background:url('https:\/\/www.einfach-topfit.at\/etf\/wp-content\/uploads\/hiitup-scaled.jpg') no-repeat scroll;background-size:cover;background-color:transparent;}#wpv-expandable-f367ac6126ee1d6e579955bf90b57589 .open{background:#e8e8e8;}#wpv-expandable-f367ac6126ee1d6e579955bf90b57589 .open,#wpv-expandable-f367ac6126ee1d6e579955bf90b57589 .open p,#wpv-expandable-f367ac6126ee1d6e579955bf90b57589 .open .sep-text h2.regular-title-wrapper,#wpv-expandable-f367ac6126ee1d6e579955bf90b57589 .open .text-divider-double,#wpv-expandable-f367ac6126ee1d6e579955bf90b57589 .open .sep-text .sep-text-line,#wpv-expandable-f367ac6126ee1d6e579955bf90b57589 .open .sep,#wpv-expandable-f367ac6126ee1d6e579955bf90b57589 .open .sep-2,#wpv-expandable-f367ac6126ee1d6e579955bf90b57589 .open .sep-3,#wpv-expandable-f367ac6126ee1d6e579955bf90b57589 .open h1,#wpv-expandable-f367ac6126ee1d6e579955bf90b57589 .open h2,#wpv-expandable-f367ac6126ee1d6e579955bf90b57589 .open h3,#wpv-expandable-f367ac6126ee1d6e579955bf90b57589 .open h4,#wpv-expandable-f367ac6126ee1d6e579955bf90b57589 .open h5,#wpv-expandable-f367ac6126ee1d6e579955bf90b57589 .open h6,#wpv-expandable-f367ac6126ee1d6e579955bf90b57589 .open td,#wpv-expandable-f367ac6126ee1d6e579955bf90b57589 .open th,#wpv-expandable-f367ac6126ee1d6e579955bf90b57589 .open caption{color:#696969;}<\/style>\n<\/div><\/div>\n<p>Intervalltraining mit Gruppendynamik!<\/div>\n<div class=\"wpv-grid grid-1-3  wpv-first-level unextended\" style=\"padding-top:0px;padding-bottom:0px\" id=\"wpv-column-b0670cad864240afdcdb61302dafc73d\" ><div class=\"row \"><div class=\"wpv-grid grid-1-1  first unextended animation-fade-in animated-active\" style=\"padding-top:0px;padding-bottom:0px\" id=\"wpv-column-d43410a0597ad28a5f11c9a20e54453c\" ><div class=\"services has-more \" id=\"wpv-expandable-7ba3d08689d633d5d016c88345267eb7\">\n\t<div class=\"closed services-inside\">\n\t\t<div class=\"services-content-wrapper clearfix\">\n\t\t\t\n\t\t\t\t\t\t\t<h3 class=\"title\">PERSONAL COACHING<\/h3><br>\n\t\t\t\t\t\t<div class=\"push\" style='height:90px'><\/div>\n\n\t\t<\/div>\n\t<\/div>\n\t\t\t<div class=\"open services-inside\">\n\t\t\t<div class=\"services-content-wrapper\">\n\t\t\t\t<div class=\"row\">\n\t\t\t\t\t\n<a href=\"\/?page_id=10296\" target=\"_self\" style='font-size: 20px;' class=\"button vamtam-button accent1  button-border hover-accent1  alignleft\"><span class=\"btext\">Mehr Infos<\/span><\/a>\n\t\t\t\t<\/div>\n\t\t\t<\/div>\n\t\t<\/div>\n\t<\/div>\n<style scoped>#wpv-expandable-7ba3d08689d633d5d016c88345267eb7 .closed{background:url('https:\/\/www.einfach-topfit.at\/etf\/wp-content\/uploads\/PersonalCoach-e1467098335560.jpg') no-repeat scroll;background-size:cover;background-color:transparent;}#wpv-expandable-7ba3d08689d633d5d016c88345267eb7 .open{background:#e8e8e8;}#wpv-expandable-7ba3d08689d633d5d016c88345267eb7 .open,#wpv-expandable-7ba3d08689d633d5d016c88345267eb7 .open p,#wpv-expandable-7ba3d08689d633d5d016c88345267eb7 .open .sep-text h2.regular-title-wrapper,#wpv-expandable-7ba3d08689d633d5d016c88345267eb7 .open .text-divider-double,#wpv-expandable-7ba3d08689d633d5d016c88345267eb7 .open .sep-text .sep-text-line,#wpv-expandable-7ba3d08689d633d5d016c88345267eb7 .open .sep,#wpv-expandable-7ba3d08689d633d5d016c88345267eb7 .open .sep-2,#wpv-expandable-7ba3d08689d633d5d016c88345267eb7 .open .sep-3,#wpv-expandable-7ba3d08689d633d5d016c88345267eb7 .open h1,#wpv-expandable-7ba3d08689d633d5d016c88345267eb7 .open h2,#wpv-expandable-7ba3d08689d633d5d016c88345267eb7 .open h3,#wpv-expandable-7ba3d08689d633d5d016c88345267eb7 .open h4,#wpv-expandable-7ba3d08689d633d5d016c88345267eb7 .open h5,#wpv-expandable-7ba3d08689d633d5d016c88345267eb7 .open h6,#wpv-expandable-7ba3d08689d633d5d016c88345267eb7 .open td,#wpv-expandable-7ba3d08689d633d5d016c88345267eb7 .open th,#wpv-expandable-7ba3d08689d633d5d016c88345267eb7 .open caption{color:#696969;}<\/style>\n<\/div><\/div>\n<p>Personal Coaching &#8211; ein individuelles auf dich und deine Ziele abstimmtes Training!<\/div>\n<div class=\"wpv-grid grid-1-3  wpv-first-level unextended\" style=\"padding-top:0px;padding-bottom:0px\" id=\"wpv-column-b49146e4625b67b6965da36e5c81531e\" ><div class=\"row \"><div class=\"wpv-grid grid-1-1  first unextended animation-fade-in animated-active\" style=\"padding-top:0px;padding-bottom:0px\" id=\"wpv-column-539e19adcf73e7c1cab668fd69da88eb\" ><div class=\"services has-more \" id=\"wpv-expandable-86b7ff130a06baf4a067aa05363dcc20\">\n\t<div class=\"closed services-inside\">\n\t\t<div class=\"services-content-wrapper clearfix\">\n\t\t\t\n\t\t\t\t\t\t\t<h3 class=\"title\">PILATES<\/h3><br>\n\t\t\t\t\t\t<div class=\"push\" style='height:90px'><\/div>\n\n\t\t<\/div>\n\t<\/div>\n\t\t\t<div class=\"open services-inside\">\n\t\t\t<div class=\"services-content-wrapper\">\n\t\t\t\t<div class=\"row\">\n\t\t\t\t\t\n<a href=\"\/?page_id=9692\" target=\"_self\" style='font-size: 20px;' class=\"button vamtam-button accent1  button-border hover-accent1  alignleft\"><span class=\"btext\">Mehr Infos<\/span><\/a>\n\t\t\t\t<\/div>\n\t\t\t<\/div>\n\t\t<\/div>\n\t<\/div>\n<style scoped>#wpv-expandable-86b7ff130a06baf4a067aa05363dcc20 .closed{background:url('https:\/\/www.einfach-topfit.at\/etf\/wp-content\/uploads\/Pilates2.jpg') no-repeat scroll;background-size:cover;background-color:transparent;}#wpv-expandable-86b7ff130a06baf4a067aa05363dcc20 .open{background:#e8e8e8;}#wpv-expandable-86b7ff130a06baf4a067aa05363dcc20 .open,#wpv-expandable-86b7ff130a06baf4a067aa05363dcc20 .open p,#wpv-expandable-86b7ff130a06baf4a067aa05363dcc20 .open .sep-text h2.regular-title-wrapper,#wpv-expandable-86b7ff130a06baf4a067aa05363dcc20 .open .text-divider-double,#wpv-expandable-86b7ff130a06baf4a067aa05363dcc20 .open .sep-text .sep-text-line,#wpv-expandable-86b7ff130a06baf4a067aa05363dcc20 .open .sep,#wpv-expandable-86b7ff130a06baf4a067aa05363dcc20 .open .sep-2,#wpv-expandable-86b7ff130a06baf4a067aa05363dcc20 .open .sep-3,#wpv-expandable-86b7ff130a06baf4a067aa05363dcc20 .open h1,#wpv-expandable-86b7ff130a06baf4a067aa05363dcc20 .open h2,#wpv-expandable-86b7ff130a06baf4a067aa05363dcc20 .open h3,#wpv-expandable-86b7ff130a06baf4a067aa05363dcc20 .open h4,#wpv-expandable-86b7ff130a06baf4a067aa05363dcc20 .open h5,#wpv-expandable-86b7ff130a06baf4a067aa05363dcc20 .open h6,#wpv-expandable-86b7ff130a06baf4a067aa05363dcc20 .open td,#wpv-expandable-86b7ff130a06baf4a067aa05363dcc20 .open th,#wpv-expandable-86b7ff130a06baf4a067aa05363dcc20 .open caption{color:#696969;}<\/style>\n<\/div><\/div>\n<p>Pilates ist ein Ganzk\u00f6rpertraining und gleicht dabei Muskeldysbalancen aus.<\/div><\/div>\n<div class=\"push\" style='height:30px'><\/div>\n<div class=\"row \"><div class=\"wpv-grid grid-1-1  wpv-first-level first unextended\" style=\"padding-top:0px;padding-bottom:0px\" id=\"wpv-column-668b6d0fca9951bb0ac72050642f6326\" ><div class=\"row \"><div class=\"wpv-grid grid-1-3  first unextended\" style=\"padding-top:0px;padding-bottom:0px\" id=\"wpv-column-cde0efd060bde544af75ec95d7877035\" ><div class=\"push\" style='height:30px'><\/div><\/div>\n<div class=\"wpv-grid grid-1-3  unextended\" style=\"padding-top:0px;padding-bottom:0px\" id=\"wpv-column-2de34221febceebded93ad72d217ae52\" ><div class=\"row \"><div class=\"wpv-grid grid-1-1  first unextended animation-fade-in animated-active\" style=\"padding-top:0px;padding-bottom:0px\" id=\"wpv-column-760a925bd354a9db60c7acf802a6b94d\" ><div class=\"services has-more \" id=\"wpv-expandable-724e0da1fb069166c1bc1eac75b436ba\">\n\t<div class=\"closed services-inside\">\n\t\t<div class=\"services-content-wrapper clearfix\">\n\t\t\t\n\t\t\t\t\t\t\t<h3 class=\"title\">PILOXING\u00ae<\/h3><br>\n\t\t\t\t\t\t<div class=\"push\" style='height:90px'><\/div>\n\n\t\t<\/div>\n\t<\/div>\n\t\t\t<div class=\"open services-inside\">\n\t\t\t<div class=\"services-content-wrapper\">\n\t\t\t\t<div class=\"row\">\n\t\t\t\t\t\n<a href=\"\/?page_id=9696\" target=\"_self\" style='font-size: 20px;' class=\"button vamtam-button accent1  button-border hover-accent1  alignleft\"><span class=\"btext\">Mehr Infos<\/span><\/a>\n\t\t\t\t<\/div>\n\t\t\t<\/div>\n\t\t<\/div>\n\t<\/div>\n<style scoped>#wpv-expandable-724e0da1fb069166c1bc1eac75b436ba .closed{background:url('https:\/\/www.einfach-topfit.at\/etf\/wp-content\/uploads\/Box_Piloxing-quer.jpg') no-repeat scroll;background-size:cover;background-color:transparent;}#wpv-expandable-724e0da1fb069166c1bc1eac75b436ba .open{background:#e8e8e8;}#wpv-expandable-724e0da1fb069166c1bc1eac75b436ba .open,#wpv-expandable-724e0da1fb069166c1bc1eac75b436ba .open p,#wpv-expandable-724e0da1fb069166c1bc1eac75b436ba .open .sep-text h2.regular-title-wrapper,#wpv-expandable-724e0da1fb069166c1bc1eac75b436ba .open .text-divider-double,#wpv-expandable-724e0da1fb069166c1bc1eac75b436ba .open .sep-text .sep-text-line,#wpv-expandable-724e0da1fb069166c1bc1eac75b436ba .open .sep,#wpv-expandable-724e0da1fb069166c1bc1eac75b436ba .open .sep-2,#wpv-expandable-724e0da1fb069166c1bc1eac75b436ba .open .sep-3,#wpv-expandable-724e0da1fb069166c1bc1eac75b436ba .open h1,#wpv-expandable-724e0da1fb069166c1bc1eac75b436ba .open h2,#wpv-expandable-724e0da1fb069166c1bc1eac75b436ba .open h3,#wpv-expandable-724e0da1fb069166c1bc1eac75b436ba .open h4,#wpv-expandable-724e0da1fb069166c1bc1eac75b436ba .open h5,#wpv-expandable-724e0da1fb069166c1bc1eac75b436ba .open h6,#wpv-expandable-724e0da1fb069166c1bc1eac75b436ba .open td,#wpv-expandable-724e0da1fb069166c1bc1eac75b436ba .open th,#wpv-expandable-724e0da1fb069166c1bc1eac75b436ba .open caption{color:#696969;}<\/style>\n<\/div><\/div>\n<p>Piloxing kombiniert kraftvolle schnelle Bewegungen mit \u00e4sthetischen und feinen \u00dcbungen.<\/div>\n<div class=\"wpv-grid grid-1-3  unextended\" style=\"padding-top:0px;padding-bottom:0px\" id=\"wpv-column-6a272562f26cbbb6a025eb0cda35dede\" ><div class=\"push\" style='height:30px'><\/div><\/div><\/div><\/div><\/div>\n","protected":false},"excerpt":{"rendered":"<p>Die wunderbaren Eigenschaften des Wassers erleben. Dein flexibles 12-Wochen-Onlineprogramm. Functional Outdoor-Training ist ein intensives, abwechslungsreiches Ganzk\u00f6rper-Training. Intervalltraining mit Gruppendynamik! Personal Coaching &#8211; ein individuelles auf dich und deine Ziele abstimmtes Training! Pilates ist ein Ganzk\u00f6rpertraining und gleicht dabei Muskeldysbalancen aus. Piloxing kombiniert kraftvolle schnelle Bewegungen mit \u00e4sthetischen und feinen \u00dcbungen.<\/p>\n","protected":false},"author":1,"featured_media":0,"parent":0,"menu_order":0,"comment_status":"closed","ping_status":"closed","template":"","meta":{"pgc_sgb_lightbox_settings":"","footnotes":""},"_links":{"self":[{"href":"https:\/\/www.einfach-topfit.at\/etf\/wp-json\/wp\/v2\/pages\/10773"}],"collection":[{"href":"https:\/\/www.einfach-topfit.at\/etf\/wp-json\/wp\/v2\/pages"}],"about":[{"href":"https:\/\/www.einfach-topfit.at\/etf\/wp-json\/wp\/v2\/types\/page"}],"author":[{"embeddable":true,"href":"https:\/\/www.einfach-topfit.at\/etf\/wp-json\/wp\/v2\/users\/1"}],"replies":[{"embeddable":true,"href":"https:\/\/www.einfach-topfit.at\/etf\/wp-json\/wp\/v2\/comments?post=10773"}],"version-history":[{"count":21,"href":"https:\/\/www.einfach-topfit.at\/etf\/wp-json\/wp\/v2\/pages\/10773\/revisions"}],"predecessor-version":[{"id":11465,"href":"https:\/\/www.einfach-topfit.at\/etf\/wp-json\/wp\/v2\/pages\/10773\/revisions\/11465"}],"wp:attachment":[{"href":"https:\/\/www.einfach-topfit.at\/etf\/wp-json\/wp\/v2\/media?parent=10773"}],"curies":[{"name":"wp","href":"https:\/\/api.w.org\/{rel}","templated":true}]}}