{"id":10772,"date":"2014-04-23T10:38:38","date_gmt":"2014-04-23T08:38:38","guid":{"rendered":"http:\/\/fitness-wellness.vamtam.com\/?page_id=7778"},"modified":"2022-04-24T21:06:56","modified_gmt":"2022-04-24T19:06:56","slug":"tamara","status":"publish","type":"page","link":"https:\/\/www.einfach-topfit.at\/etf\/ueber-uns\/tamara\/","title":{"rendered":"\u00dcBER TAMARA"},"content":{"rendered":"<div class=\"row \"><div class=\"wpv-grid grid-1-1  wpv-first-level first extended\" style=\"padding-top:0px;padding-bottom:0px\" id=\"wpv-column-25d37a6086546a587af36f565b14791e\" ><div class=\"extended-column-inner\"><div class=\"row \"><div class=\"wpv-grid grid-1-1  parallax-bg first extended\" style=\"padding-top:0px;padding-bottom:0px\" id=\"wpv-column-e6a47dad8734bfd2d06201c863f0caf5\"  data-parallax-method=\"to-centre\" data-parallax-inertia=\"-0.2\"><div class=\"extended-column-inner\"><div class=\"row \"><div class=\"wpv-grid grid-1-6  first unextended\" style=\"padding-top:0px;padding-bottom:0px\" id=\"wpv-column-867a31f4e2f69c5a7b66aae288f58ca5\" ><div class=\"push\" style='height:30px'><\/div><\/div>\n<div class=\"wpv-grid grid-2-3  unextended\" style=\"padding-top:0px;padding-bottom:0px\" id=\"wpv-column-9632a878f0915a25d1bf72c029e0f0cd\" >\t\t<h2 class=\"text-divider-double\">\t\t\t\nSport ist f\u00fcr mich &#8230;\t\t<\/h2>\t\t<div class=\"sep\"><\/div>\t\n<div class=\"row \"><div class=\"wpv-grid grid-1-3  first unextended\" style=\"padding-top:0px;padding-bottom:0px\" id=\"wpv-column-737a6149f072bf95a5f4fb6f2723b3bd\" ><span class='highlight dark'><span class='highlight-content'>&#8230; <strong>GESUNDHEIT!<\/strong><\/span><\/span> Mit der regelm\u00e4\u00dfigen Bewegung und Kr\u00e4ftigung steigert sich das Wohlbefinden und die Lebensqualit\u00e4t. Wir haben nur eine Gesundheit und die sollten wir uns gut erhalten.<\/div>\n<div class=\"wpv-grid grid-1-3  unextended\" style=\"padding-top:0px;padding-bottom:0px\" id=\"wpv-column-aac86fd78e7b2262bc7713c689bada9a\" ><span class='highlight dark'><span class='highlight-content'><strong>&#8230;<\/strong> <strong>SPASS!<\/strong><\/span><\/span> Der Spa\u00df steht an erster Stelle. Nur so kann ich mich selbst dazu motivieren und auch andere \u201emitreissen\u201c. Ich finde, jeder sollte eine Sportart finden, die einem Spa\u00df macht, die nicht nur Sport ist, sondern auch ein Hobby, dann l\u00e4sst sich auch der innere Schweinehund besser \u00fcberwinden.<\/div>\n<div class=\"wpv-grid grid-1-3  unextended\" style=\"padding-top:0px;padding-bottom:0px\" id=\"wpv-column-430cb7c78f112992c24e61da5960fe2a\" ><span class='highlight dark'><span class='highlight-content'><strong>&#8230; wie ATMEN!<\/strong><\/span><\/span> Es reicht nicht aus hin und wieder Sport zu treiben, es sollte zum Leben dazugeh\u00f6ren und regelm\u00e4\u00dfig betrieben werden, nur so wird man besser, f\u00e4llt es einem leichter und kann man es sehen und auch sp\u00fcren.<\/div><\/div><\/div>\n<div class=\"wpv-grid grid-1-6  unextended\" style=\"padding-top:0px;padding-bottom:0px\" id=\"wpv-column-533d479648439991421ea2245cf229c8\" ><div class=\"push\" style='height:30px'><\/div><\/div><\/div><\/div><\/div><\/div>\n<div class=\"row \"><div class=\"wpv-grid grid-1-1  first extended\" style=\"padding-top:0px;padding-bottom:0px\" id=\"wpv-column-1eceff48468cbfb4e2e7ce92b98e3f9a\" ><div class=\"extended-column-inner\"><div class=\"row \"><div class=\"wpv-grid grid-1-6  first unextended\" style=\"padding-top:0px;padding-bottom:0px\" id=\"wpv-column-caae8e9035e48705811ca7e6044ce5d0\" ><div class=\"push\" style='height:30px'><\/div><\/div>\n<div class=\"wpv-grid grid-2-3  unextended left-border\" style=\"padding-top:0px;padding-bottom:0px\" id=\"wpv-column-9aefec943caa931686fe2581dd2938b4\" >\t\t<h2 class=\"text-divider-double\">\t\t\t\nMeine sportliche Ausbildung &#8230;\t\t<\/h2>\t\t<div class=\"sep\"><\/div>\t\n<div class=\"row \"><div class=\"wpv-grid grid-1-3  first unextended\" style=\"padding-top:0px;padding-bottom:0px\" id=\"wpv-column-dc965398146e18ededdb74cb238bb1fa\" >\n<ul class=\"styled-list  icon-accent1\">\n<li class=\" icon-b  icon-b \" data-icon=\"&#58067;\" data-icon=\"\ue2d3\">Diplomierte Body Vitaltrainerin<\/li>\n<li class=\" icon-b  icon-b \" data-icon=\"&#58067;\" data-icon=\"\ue2d3\">Zertifizierte TRX-Suspension Trainerin<\/li>\n<li class=\" icon-b  icon-b \" data-icon=\"&#58067;\" data-icon=\"\ue2d3\">Aquafitness Instruktor<\/li>\n<li class=\" icon-b  icon-b \" data-icon=\"&#58067;\" data-icon=\"\ue2d3\">Let&#8217;s Bands-Coach<\/li>\n<\/ul>\n<\/div>\n<div class=\"wpv-grid grid-1-3  unextended\" style=\"padding-top:0px;padding-bottom:0px\" id=\"wpv-column-cc41635817c46a1b80138921c0e6fc08\" >\n<ul class=\"styled-list  icon-accent1\">\n<li class=\" icon-b  icon-b \" data-icon=\"&#58067;\" data-icon=\"\ue2d3\">Pilates Professional Coach<\/li>\n<li class=\" icon-b  icon-b \" data-icon=\"&#58067;\" data-icon=\"\ue2d3\">Aerobic \u00dcbungsleiter<\/li>\n<li class=\" icon-b  icon-b \" data-icon=\"&#58067;\" data-icon=\"\ue2d3\">Diplomierte EMS-Trainierin<\/li>\n<li class=\" icon-b  icon-b \" data-icon=\"&#58067;\" data-icon=\"\ue2d3\">Nordic Walking Instruktor<\/li>\n<\/ul>\n<\/div>\n<div class=\"wpv-grid grid-1-3  unextended\" style=\"padding-top:0px;padding-bottom:0px\" id=\"wpv-column-8101f229cc4e05d73e3a7ff656222073\" >\n<ul class=\"styled-list  icon-accent1\">\n<li class=\" icon-b  icon-b \" data-icon=\"&#58067;\" data-icon=\"\ue2d3\">Piloxing\u00ae Instruktor<\/li>\n<li class=\" icon-b  icon-b \" data-icon=\"&#58067;\" data-icon=\"\ue2d3\">Instruktor Fit Studio<\/li>\n<li class=\" icon-b  icon-b \" data-icon=\"&#58067;\" data-icon=\"\ue2d3\">smoveyADVANCED-Trainer+<\/li>\n<li class=\" icon-b  icon-b \" data-icon=\"&#58067;\" data-icon=\"\ue2d3\">lfd. Workshop-Teilnahmen (HIIT Intervall, Kettlebell, &#8230;)<\/li>\n<\/ul>\n\n<p style=\"text-align: center;\"><\/div><\/div>\n<div class=\"push\" style='height:30px'><\/div><\/div>\n<div class=\"wpv-grid grid-1-6  unextended\" style=\"padding-top:0px;padding-bottom:0px\" id=\"wpv-column-f6780ca9b32cb231fda4eb33582c146d\" ><div class=\"push\" style='height:30px'><\/div><\/div><\/div><\/div><\/div><\/div>\n<div class=\"row \"><div class=\"wpv-grid grid-1-1  parallax-bg first has-background extended\" style=\"\n\t\t\t\tbackground: url( 'https:\/\/www.einfach-topfit.at\/etf\/wp-content\/uploads\/IMG-20220327-WA0012.jpg' ) no-repeat center top;\n\t\t\t\tbackground-size: auto;\n\t\t\tbackground-attachment: fixed;padding-top:0px;padding-bottom:0px\" id=\"wpv-column-1cfab0993b2489865eba12a6d76aafbd\"  data-parallax-method=\"to-centre\" data-parallax-inertia=\"-0.2\"><div class=\"extended-column-inner\"><div class=\"push\" style='height:30px'><\/div>\n<div class=\"push\" style='height:30px'><\/div>\n<div class=\"push\" style='height:30px'><\/div>\n<div class=\"push\" style='height:30px'><\/div>\n<div class=\"push\" style='height:30px'><\/div>\n<div class=\"push\" style='height:30px'><\/div>\n<div class=\"push\" style='height:30px'><\/div>\n<div class=\"push\" style='height:30px'><\/div>\n<div class=\"push\" style='height:30px'><\/div>\n<div class=\"push\" style='height:30px'><\/div>\n<div class=\"push\" style='height:30px'><\/div>\n<div class=\"push\" style='height:30px'><\/div>\n<div class=\"push\" style='height:30px'><\/div>\n<div class=\"push\" style='height:30px'><\/div><\/div><\/div><\/div>\n<div class=\"row \"><div class=\"wpv-grid grid-1-1  first extended\" style=\"padding-top:0px;padding-bottom:0px\" id=\"wpv-column-882466f500e63d3256e5f39fe4f9d7f4\" ><div class=\"extended-column-inner\"><div class=\"row \"><div class=\"wpv-grid grid-1-6  first unextended\" style=\"padding-top:0px;padding-bottom:0px\" id=\"wpv-column-b7272927d5ab26e6099bc399b58cb97b\" ><div class=\"push\" style='height:30px'><\/div><\/div>\n<div class=\"wpv-grid grid-2-3  unextended\" style=\"padding-top:0px;padding-bottom:0px\" id=\"wpv-column-161ceb9925aa759d1160bb4f0451857b\" >\t\t<h2 class=\"text-divider-double\">\t\t\t\nWas mach ich noch gerne &#8230;\t\t<\/h2>\t\t<div class=\"sep\"><\/div>\t\n<div class=\"row \"><div class=\"wpv-grid grid-1-3  first unextended\" style=\"padding-top:0px;padding-bottom:0px\" id=\"wpv-column-b3e92ed976d570b1ddb1191a58a9a60d\" ><span class='highlight dark'><span class='highlight-content'><strong>&#8230; REISEN!<\/strong><\/span><\/span> Ich liebe\u00a0 fremde L\u00e4nder, gutes Essen, sch\u00f6ne Landschaften, interessante Kulturen\u2026 und am liebsten noch mit meinem Mann an meiner Seite.<\/div>\n<div class=\"wpv-grid grid-2-3  unextended\" style=\"padding-top:0px;padding-bottom:0px\" id=\"wpv-column-ffc809d13ae898793b6bc194f5b4b4b5\" ><span class='highlight dark'><span class='highlight-content'><strong>&#8230; ESSEN!<\/strong><\/span><\/span> Oder zumindest <strong>KOCHEN, BACKEN<\/strong> oder \u00fcber <strong>Essen LESEN.<\/strong> Ich liebe Kochb\u00fccher, Rezepthefte, Kochblogs und koche\/backe das dann auch gerne nach oder versuche es zumindest. <span class='icon shortcode  ' style='font-size:16px !important;color:#faff18;'>&#57890;<\/span>\n<p>Ich lege sehr viel Wert auf gesunde, abwechslungsreiche Ern\u00e4hrung,&#8230; aber es geht doch nichts \u00fcber einen Kaiserschmarrn, oder?<\/p>\n<p style=\"text-align: center;\"><\/div><\/div>\n<div class=\"push\" style='height:30px'><\/div>\n<div class=\"push\" style='height:30px'><\/div><\/div>\n<div class=\"wpv-grid grid-1-6  unextended\" style=\"padding-top:0px;padding-bottom:0px\" id=\"wpv-column-2d503643494892ab960e8eed7f44bffc\" ><div class=\"push\" style='height:30px'><\/div><\/div><\/div><\/div><\/div><\/div><\/div><\/div><\/div>\n","protected":false},"excerpt":{"rendered":"<p>Mit der regelm\u00e4\u00dfigen Bewegung und Kr\u00e4ftigung steigert sich das Wohlbefinden und die Lebensqualit\u00e4t. Wir haben nur eine Gesundheit und die sollten wir uns gut erhalten. Der Spa\u00df steht an erster Stelle. Nur so kann ich mich selbst dazu motivieren und auch andere \u201emitreissen\u201c. Ich finde, jeder sollte eine Sportart finden, die einem Spa\u00df macht, die&#8230;<\/p>\n","protected":false},"author":1,"featured_media":0,"parent":10229,"menu_order":0,"comment_status":"closed","ping_status":"closed","template":"","meta":{"pgc_sgb_lightbox_settings":"","footnotes":""},"_links":{"self":[{"href":"https:\/\/www.einfach-topfit.at\/etf\/wp-json\/wp\/v2\/pages\/10772"}],"collection":[{"href":"https:\/\/www.einfach-topfit.at\/etf\/wp-json\/wp\/v2\/pages"}],"about":[{"href":"https:\/\/www.einfach-topfit.at\/etf\/wp-json\/wp\/v2\/types\/page"}],"author":[{"embeddable":true,"href":"https:\/\/www.einfach-topfit.at\/etf\/wp-json\/wp\/v2\/users\/1"}],"replies":[{"embeddable":true,"href":"https:\/\/www.einfach-topfit.at\/etf\/wp-json\/wp\/v2\/comments?post=10772"}],"version-history":[{"count":4,"href":"https:\/\/www.einfach-topfit.at\/etf\/wp-json\/wp\/v2\/pages\/10772\/revisions"}],"predecessor-version":[{"id":11173,"href":"https:\/\/www.einfach-topfit.at\/etf\/wp-json\/wp\/v2\/pages\/10772\/revisions\/11173"}],"up":[{"embeddable":true,"href":"https:\/\/www.einfach-topfit.at\/etf\/wp-json\/wp\/v2\/pages\/10229"}],"wp:attachment":[{"href":"https:\/\/www.einfach-topfit.at\/etf\/wp-json\/wp\/v2\/media?parent=10772"}],"curies":[{"name":"wp","href":"https:\/\/api.w.org\/{rel}","templated":true}]}}