{"id":10229,"date":"2016-06-28T14:53:07","date_gmt":"2016-06-28T12:53:07","guid":{"rendered":"http:\/\/www.einfach-topfit.at\/?page_id=10229"},"modified":"2026-02-13T22:23:06","modified_gmt":"2026-02-13T21:23:06","slug":"ueber-uns","status":"publish","type":"page","link":"https:\/\/www.einfach-topfit.at\/etf\/ueber-uns\/","title":{"rendered":"\u00dcBER MICH"},"content":{"rendered":"<div class=\"row \"><div class=\"wpv-grid grid-1-1  wpv-first-level first unextended\" style=\"padding-top:0px;padding-bottom:0px\" id=\"wpv-column-3363e20f24f2c1f4bbc24e662ac85f13\" ><div class=\"row \"><div class=\"wpv-grid grid-1-6  first unextended\" style=\"padding-top:0px;padding-bottom:0px\" id=\"wpv-column-0a686cd7743ae1172a8fef47a3292185\" ><div class=\"push\" style='height:30px'><\/div><\/div>\n<div class=\"wpv-grid grid-2-3  unextended\" style=\"padding-top:0px;padding-bottom:0px\" id=\"wpv-column-4117d77fc087486ce21eed16e59a8e5c\" ><p style=\"text-align: center;\">Sport &amp; Bewegung ist mehr f\u00fcr mich mehr als nur ein Hobby. Gemeinsam zu trainieren macht nicht nur Spa\u00df, im Training pushen wir uns auch gegenseitig zu neuen H\u00f6chstleistungen!<\/p>\n<p style=\"text-align: center;\"><span style=\"color: #000000;\">Meine Motivation und Energie reicht f\u00fcr ein paar Andere locker aus, deswegen bist du bei mir gut aufgehoben!\u00a0<\/span><\/p>\n<p style=\"text-align: center;\"><span class='highlight light'><span class='highlight-content'>Komm vorbei, ich freue mich auf dich!<\/span><\/span> <span style=\"color: #000000; line-height: 1.5;\"><span class='icon shortcode  ' style='font-size:16px !important;color:#878787;'>&#57890;<\/span><\/span><\/div>\n<div class=\"wpv-grid grid-1-6  unextended\" style=\"padding-top:0px;padding-bottom:0px\" id=\"wpv-column-f4f23ff05f7ed6f01995663c749d62e2\" ><div class=\"push\" style='height:30px'><\/div><\/div><\/div><\/div><\/div>\n<div class=\"row \"><div class=\"wpv-grid grid-1-1  wpv-first-level first unextended\" style=\"padding-top:0px;padding-bottom:0px\" id=\"wpv-column-d752f8fbd7c11c4c557fe84bbb19098d\" ><h4>Einfach-Topfit:<\/h4>\n<div class=\"row \"><div class=\"wpv-grid grid-4-5  first unextended\" style=\"padding-top:0px;padding-bottom:0px\" id=\"wpv-column-6292f319a82896a24fac7e3685cb4967\" ><div class=\"team-member\">\n\t\t<div class=\"thumbnail\">\n\t\t\t\t\t<a href=\"\/tamara\" title=\"Tamara Erlinger\">\n\t\t\t\t\t<img loading=\"lazy\" decoding=\"async\" width=\"1024\" height=\"681\" src=\"https:\/\/www.einfach-topfit.at\/etf\/wp-content\/uploads\/revslider\/-Home-\/Titelbild1.jpg\" class=\"attachment-full size-full\" alt=\"\" srcset=\"https:\/\/www.einfach-topfit.at\/etf\/wp-content\/uploads\/revslider\/-Home-\/Titelbild1.jpg 1024w, https:\/\/www.einfach-topfit.at\/etf\/wp-content\/uploads\/revslider\/-Home-\/Titelbild1-600x399.jpg 600w, https:\/\/www.einfach-topfit.at\/etf\/wp-content\/uploads\/revslider\/-Home-\/Titelbild1-300x200.jpg 300w, https:\/\/www.einfach-topfit.at\/etf\/wp-content\/uploads\/revslider\/-Home-\/Titelbild1-768x511.jpg 768w, https:\/\/www.einfach-topfit.at\/etf\/wp-content\/uploads\/revslider\/-Home-\/Titelbild1-615x410.jpg 615w, https:\/\/www.einfach-topfit.at\/etf\/wp-content\/uploads\/revslider\/-Home-\/Titelbild1-400x266.jpg 400w, https:\/\/www.einfach-topfit.at\/etf\/wp-content\/uploads\/revslider\/-Home-\/Titelbild1-292x195.jpg 292w\" sizes=\"(max-width: 1024px) 100vw, 1024px\" \/>\t\t\t\t\t<\/a>\n\t\t\t<\/div>\n\t\t<div class=\"team-member-info\">\n\t\t<h3>\n\t\t\t\t\t\t\t<a href=\"\/tamara\" title=\"Tamara Erlinger\">\n\t\t\t\t\t\t\tTamara Erlinger\t\t\t\t\t\t\t<\/a>\n\t\t\t\t\t<\/h3>\n\t\t\t\t\t<h5 class=\"regular-title-wrapper team-member-position\"> Dipl. Body Vitaltrainerin <\/h5>\n\t\t\t\t\t\t\t<div><a href=\"mailto:kontakt@einfach-topfit.at\" title=\"email Tamara Erlinger\">kontakt@einfach-topfit.at<\/a><\/div>\n\t\t\t\t\t\t<div class=\"share-icons clearfix\">\n\t\t\t\t\t<\/div>\n\t<\/div>\n\t<\/div>\n<\/div><\/div><\/div><\/div>\n","protected":false},"excerpt":{"rendered":"<p>Sport &amp; Bewegung ist mehr f\u00fcr mich mehr als nur ein Hobby. Gemeinsam zu trainieren macht nicht nur Spa\u00df, im Training pushen wir uns auch gegenseitig zu neuen H\u00f6chstleistungen! Meine Motivation und Energie reicht f\u00fcr ein paar Andere locker aus, deswegen bist du bei mir gut aufgehoben!\u00a0 Einfach-Topfit:<\/p>\n","protected":false},"author":1,"featured_media":0,"parent":0,"menu_order":0,"comment_status":"closed","ping_status":"closed","template":"","meta":{"pgc_sgb_lightbox_settings":"","footnotes":""},"_links":{"self":[{"href":"https:\/\/www.einfach-topfit.at\/etf\/wp-json\/wp\/v2\/pages\/10229"}],"collection":[{"href":"https:\/\/www.einfach-topfit.at\/etf\/wp-json\/wp\/v2\/pages"}],"about":[{"href":"https:\/\/www.einfach-topfit.at\/etf\/wp-json\/wp\/v2\/types\/page"}],"author":[{"embeddable":true,"href":"https:\/\/www.einfach-topfit.at\/etf\/wp-json\/wp\/v2\/users\/1"}],"replies":[{"embeddable":true,"href":"https:\/\/www.einfach-topfit.at\/etf\/wp-json\/wp\/v2\/comments?post=10229"}],"version-history":[{"count":30,"href":"https:\/\/www.einfach-topfit.at\/etf\/wp-json\/wp\/v2\/pages\/10229\/revisions"}],"predecessor-version":[{"id":11731,"href":"https:\/\/www.einfach-topfit.at\/etf\/wp-json\/wp\/v2\/pages\/10229\/revisions\/11731"}],"wp:attachment":[{"href":"https:\/\/www.einfach-topfit.at\/etf\/wp-json\/wp\/v2\/media?parent=10229"}],"curies":[{"name":"wp","href":"https:\/\/api.w.org\/{rel}","templated":true}]}}